{"id":4,"date":"2018-02-14T20:03:44","date_gmt":"2018-02-14T20:03:44","guid":{"rendered":"http:\/\/villagio.codibee.solutions\/home\/"},"modified":"2019-05-21T11:41:13","modified_gmt":"2019-05-21T11:41:13","slug":"home","status":"publish","type":"page","link":"https:\/\/www.villagio.gr\/ro\/","title":{"rendered":"Acas\u0103"},"content":{"rendered":"<p>Bucura\u021bi-v\u0103 de vacan\u021ba de var\u0103 la un hotel perfect din Lefkada. Culorile predominante sunt verdele gazonului \u0219i al copacilor, \u00eempreun\u0103 cu albastrul m\u0103rii din sta\u021biunea Agios Ioannis. Mediul ambiant abund\u0103 \u00een mireasma florilor \u0219i magia amurgului.<\/p>\n<p><a href=\"https:\/\/www.tripadvisor.com\/Hotel_Review-g189460-d2406597-Reviews-Villagio_Apartments-Lefkada_Ionian_Islands.html\" target=\"_blank\"><img loading=\"lazy\" decoding=\"async\" class=\"alignnone size-full wp-image-368\" src=\"https:\/\/www.villagio.gr\/wp-content\/uploads\/sites\/262\/2018\/02\/excellence.jpg\" alt=\"excellence\" width=\"156\" height=\"133\" \/><\/a><\/p>","protected":false},"excerpt":{"rendered":"<p>Bucura\u021bi-v\u0103 de vacan\u021ba de var\u0103 la un hotel perfect din Lefkada. Culorile predominante sunt verdele gazonului \u0219i al copacilor, \u00eempreun\u0103 cu albastrul m\u0103rii din sta\u021biunea Agios Ioannis. Mediul ambiant abund\u0103 \u00een mireasma florilor \u0219i magia amurgului.<\/p>\n","protected":false},"author":1,"featured_media":129,"parent":0,"menu_order":0,"comment_status":"closed","ping_status":"closed","template":"","meta":{"footnotes":""},"class_list":["post-4","page","type-page","status-publish","has-post-thumbnail","hentry"],"_links":{"self":[{"href":"https:\/\/www.villagio.gr\/ro\/wp-json\/wp\/v2\/pages\/4","targetHints":{"allow":["GET"]}}],"collection":[{"href":"https:\/\/www.villagio.gr\/ro\/wp-json\/wp\/v2\/pages"}],"about":[{"href":"https:\/\/www.villagio.gr\/ro\/wp-json\/wp\/v2\/types\/page"}],"author":[{"embeddable":true,"href":"https:\/\/www.villagio.gr\/ro\/wp-json\/wp\/v2\/users\/1"}],"replies":[{"embeddable":true,"href":"https:\/\/www.villagio.gr\/ro\/wp-json\/wp\/v2\/comments?post=4"}],"version-history":[{"count":5,"href":"https:\/\/www.villagio.gr\/ro\/wp-json\/wp\/v2\/pages\/4\/revisions"}],"predecessor-version":[{"id":404,"href":"https:\/\/www.villagio.gr\/ro\/wp-json\/wp\/v2\/pages\/4\/revisions\/404"}],"wp:featuredmedia":[{"embeddable":true,"href":"https:\/\/www.villagio.gr\/ro\/wp-json\/wp\/v2\/media\/129"}],"wp:attachment":[{"href":"https:\/\/www.villagio.gr\/ro\/wp-json\/wp\/v2\/media?parent=4"}],"curies":[{"name":"wp","href":"https:\/\/api.w.org\/{rel}","templated":true}]}}